{"id":52,"date":"2017-03-04T14:31:03","date_gmt":"2017-03-04T12:31:03","guid":{"rendered":"https:\/\/rvlmusicblog.wordpress.com\/rvl-home\/"},"modified":"2019-08-06T09:09:36","modified_gmt":"2019-08-06T07:09:36","slug":"rvl-home","status":"publish","type":"page","link":"https:\/\/www.rvlmusic.de\/","title":{"rendered":"Home"},"content":{"rendered":"<header class=\"entry-header\">\n<h2 class=\"entry-title\"><a href=\"http:\/\/www.rvlmusic.de\/?p=59\" rel=\"bookmark\">Start me up \ud83d\ude42<\/a><\/h2>\n<\/header>\n<div class=\"entry-content\" align=\"justify\">\n<p><strong>Hallo und Willkommen auf RvL Music! Mein Name ist <a href=\"http:\/\/www.ronvanl.de\/\" target=\"_blank\" rel=\"noopener noreferrer\">Ron van Lankeren<\/a>\u00a0und ich m\u00f6chte mit <a href=\"http:\/\/www.rvlmusic.de\/?page_id=1013\">lizensierten (Youtube-)Videos<\/a> die Freude an der\u00a0Musik mit Euch teilen, vor allem aber den Hobby-Gitarristen ein paar Anregungen geben. Es werden von mir Videos von ausgesuchten Songs ver\u00f6ffentlicht und zusammen mit einem\u00a0explizitem Tabsheet (ver\u00f6ffentlicht auf Ultimate Guitar) samt Beschreibung der Akkorde und nat\u00fcrlich den Lyrics\u00a0hoffe ich Euch ein bisschen auf die Spr\u00fcnge helfen zu k\u00f6nnen.<\/p>\n<p>Ihr habt die M\u00f6glichkeit, mir zu jedem der ver\u00f6ffentlichten Videos Kommentare, W\u00fcnsche\u00a0sowie auch\u00a0Fragen zu hinterlassen, die ich gerne beantworten will und hoffe somit auf eine musikalisch interaktive Zusammenarbeit mit Euch&#8230; &#8230;oder ihr lehnt Euch einfach zur\u00fcck und lauscht der Musik \u2026 ich freue mich nat\u00fcrlich auch dann \u00fcber jeden Kommentar! <\/p>\n<p>Viel Spa\u00df w\u00fcnscht Euch    Euer Ron<\/p>\n<p><a href=\"http:\/\/www.rvlmusic.de\/?page_id=912\" rel=\"noopener noreferrer\" target=\"_blank\">Datenschutzbelehrung<\/a><br \/>\n<\/strong>\n<\/div>\n","protected":false},"excerpt":{"rendered":"<p>Start me up \ud83d\ude42 Hallo und Willkommen auf RvL Music! Mein Name ist Ron van Lankeren\u00a0und ich m\u00f6chte mit lizensierten (Youtube-)Videos die Freude an der\u00a0Musik mit Euch teilen, vor allem aber den Hobby-Gitarristen ein paar Anregungen geben. Es werden von mir Videos von ausgesuchten Songs ver\u00f6ffentlicht und zusammen mit einem\u00a0explizitem Tabsheet (ver\u00f6ffentlicht auf Ultimate Guitar)Continue reading &rarr;<\/p>\n","protected":false},"author":1,"featured_media":0,"parent":0,"menu_order":0,"comment_status":"closed","ping_status":"closed","template":"","meta":{"_bbp_topic_count":0,"_bbp_reply_count":0,"_bbp_total_topic_count":0,"_bbp_total_reply_count":0,"_bbp_voice_count":0,"_bbp_anonymous_reply_count":0,"_bbp_topic_count_hidden":0,"_bbp_reply_count_hidden":0,"_bbp_forum_subforum_count":0,"jetpack_post_was_ever_published":false,"footnotes":""},"class_list":["post-52","page","type-page","status-publish","hentry","no-thumb"],"jetpack_sharing_enabled":true,"jetpack_shortlink":"https:\/\/wp.me\/P8ut4A-Q","jetpack_likes_enabled":true,"_links":{"self":[{"href":"https:\/\/www.rvlmusic.de\/index.php?rest_route=\/wp\/v2\/pages\/52","targetHints":{"allow":["GET"]}}],"collection":[{"href":"https:\/\/www.rvlmusic.de\/index.php?rest_route=\/wp\/v2\/pages"}],"about":[{"href":"https:\/\/www.rvlmusic.de\/index.php?rest_route=\/wp\/v2\/types\/page"}],"author":[{"embeddable":true,"href":"https:\/\/www.rvlmusic.de\/index.php?rest_route=\/wp\/v2\/users\/1"}],"replies":[{"embeddable":true,"href":"https:\/\/www.rvlmusic.de\/index.php?rest_route=%2Fwp%2Fv2%2Fcomments&post=52"}],"version-history":[{"count":22,"href":"https:\/\/www.rvlmusic.de\/index.php?rest_route=\/wp\/v2\/pages\/52\/revisions"}],"predecessor-version":[{"id":1190,"href":"https:\/\/www.rvlmusic.de\/index.php?rest_route=\/wp\/v2\/pages\/52\/revisions\/1190"}],"wp:attachment":[{"href":"https:\/\/www.rvlmusic.de\/index.php?rest_route=%2Fwp%2Fv2%2Fmedia&parent=52"}],"curies":[{"name":"wp","href":"https:\/\/api.w.org\/{rel}","templated":true}]}}